{"id":40,"date":"2019-01-21T11:36:31","date_gmt":"2019-01-21T10:36:31","guid":{"rendered":"https:\/\/eauchat.org\/wp\/mandelukogia\/?page_id=40"},"modified":"2024-10-16T13:01:56","modified_gmt":"2024-10-16T13:01:56","slug":"informations-complementaires","status":"publish","type":"page","link":"https:\/\/mandelukogia.eauchat.org\/?page_id=40","title":{"rendered":"Informazio gehiago\/ Infos compl\u00e9mentaires"},"content":{"rendered":"\n<p>L&rsquo;accueil au fournil : Par le biais de l&rsquo;association Mandel\u00fca, il est possible d&rsquo;assister \u00e0 la fabrication du pain.<\/p>\n\n\n\n<p>Altxagarri buruz azalpenak\/ <a href=\"https:\/\/levainbio.com\/cb\/levains\/\" data-type=\"URL\" data-id=\"https:\/\/levainbio.com\/cb\/levains\/\">Explications du levain par Marc Dewalque<\/a><\/p>\n\n\n\n<p><a href=\"https:\/\/www.latribunedesmetiers.com\/remesy-41\/\">Explications des fermentations longues par Christian R\u00e9m\u00e9sy dans la tribune des m\u00e9tiers<\/a><\/p>\n\n\n\n<p><a href=\"http:\/\/www.inbp.com\/formation\/3,73,202\/reconversion-professionnelle-page-1\/\">Formation pour adultes CAP boulanger \u00e0 l&rsquo;INBP de Rouen<\/a><\/p>\n\n\n\n<p>Sur les semences: <a href=\"https:\/\/www.triptoleme.org\/\">Triptol\u00e8me<\/a> et <a href=\"http:\/\/passiondupain.com\/la-ferme-du-roc-et-son-jardin-dobservation-des-bles\/\">le C\u00e9tab<\/a><\/p>\n\n\n\n<p><a href=\"http:\/\/www.tourisme-bearn-gaves.com\/tourinsoft\/details\/producteurs\/DEGAQU064FS000C8\">Le meunier de Saint-P\u00e9 de L\u00e9ren<\/a><\/p>\n\n\n\n<p><a href=\"https:\/\/www.biolur.net\/eu\/soy-consumidor-productores-producto\/ogia\">Sur le r\u00e9seau de boulanger-es en Hegoalde<\/a><br><\/p>\n\n\n\n<p><strong>Sites webs des ami-es:<\/strong><\/p>\n\n\n\n<p><a href=\"http:\/\/barkoxe-bizi.com\/\" data-type=\"URL\" data-id=\"http:\/\/barkoxe-bizi.com\/\">Barkoxe bizi<\/a><\/p>\n\n\n\n<p><a href=\"https:\/\/eauchat.org\/wp\/desenredos\/\">Pour surmonter les difficult\u00e9s de groupe, les rencontres des Desenredos sont l\u00e0 !<\/a><\/p>\n\n\n\n<figure class=\"wp-block-image is-resized\"><img loading=\"lazy\" decoding=\"async\" src=\"https:\/\/mandelukogia.eauchat.org\/wp-content\/uploads\/2019\/01\/lhomme-oiseau.jpg\" alt=\"\" class=\"wp-image-77\" width=\"550\" height=\"487\" srcset=\"https:\/\/mandelukogia.eauchat.org\/wp-content\/uploads\/2019\/01\/lhomme-oiseau.jpg 903w, https:\/\/mandelukogia.eauchat.org\/wp-content\/uploads\/2019\/01\/lhomme-oiseau-300x266.jpg 300w, https:\/\/mandelukogia.eauchat.org\/wp-content\/uploads\/2019\/01\/lhomme-oiseau-768x680.jpg 768w\" sizes=\"auto, (max-width: 550px) 100vw, 550px\" \/><\/figure>\n\n\n\n<p><a href=\"http:\/\/ http:\/\/lespetitstraits.xurubila.fr\/\">Les petits traits<\/a><br><a href=\"http:\/\/marionnettes-pas-sage.com\/\">Marionettes Pas-sage<\/a><\/p>\n\n\n\n<p><a href=\"https:\/\/calypsodebrot.net\/\" data-type=\"URL\" data-id=\"https:\/\/calypsodebrot.net\/\">Calipsodebrot<\/a><\/p>\n","protected":false},"excerpt":{"rendered":"<p>L&rsquo;accueil au fournil : Par le biais de l&rsquo;association Mandel\u00fca, il est possible d&rsquo;assister \u00e0 la fabrication du pain. Altxagarri buruz azalpenak\/ Explications du levain par Marc Dewalque Explications des fermentations longues par Christian R\u00e9m\u00e9sy dans la tribune des m\u00e9tiers Formation pour adultes CAP boulanger \u00e0 l&rsquo;INBP de Rouen Sur les semences: Triptol\u00e8me et le &hellip; <\/p>\n<p><a class=\"more-link btn\" href=\"https:\/\/mandelukogia.eauchat.org\/?page_id=40\">Lire la suite<\/a><\/p>\n","protected":false},"author":1,"featured_media":0,"parent":0,"menu_order":0,"comment_status":"closed","ping_status":"closed","template":"","meta":{"footnotes":""},"class_list":["post-40","page","type-page","status-publish","hentry","nodate","item-wrap"],"jetpack_sharing_enabled":true,"_links":{"self":[{"href":"https:\/\/mandelukogia.eauchat.org\/index.php?rest_route=\/wp\/v2\/pages\/40","targetHints":{"allow":["GET"]}}],"collection":[{"href":"https:\/\/mandelukogia.eauchat.org\/index.php?rest_route=\/wp\/v2\/pages"}],"about":[{"href":"https:\/\/mandelukogia.eauchat.org\/index.php?rest_route=\/wp\/v2\/types\/page"}],"author":[{"embeddable":true,"href":"https:\/\/mandelukogia.eauchat.org\/index.php?rest_route=\/wp\/v2\/users\/1"}],"replies":[{"embeddable":true,"href":"https:\/\/mandelukogia.eauchat.org\/index.php?rest_route=%2Fwp%2Fv2%2Fcomments&post=40"}],"version-history":[{"count":7,"href":"https:\/\/mandelukogia.eauchat.org\/index.php?rest_route=\/wp\/v2\/pages\/40\/revisions"}],"predecessor-version":[{"id":902,"href":"https:\/\/mandelukogia.eauchat.org\/index.php?rest_route=\/wp\/v2\/pages\/40\/revisions\/902"}],"wp:attachment":[{"href":"https:\/\/mandelukogia.eauchat.org\/index.php?rest_route=%2Fwp%2Fv2%2Fmedia&parent=40"}],"curies":[{"name":"wp","href":"https:\/\/api.w.org\/{rel}","templated":true}]}}