{"id":36,"date":"2019-01-21T11:35:38","date_gmt":"2019-01-21T10:35:38","guid":{"rendered":"https:\/\/eauchat.org\/wp\/mandelukogia\/?page_id=36"},"modified":"2025-09-16T19:05:59","modified_gmt":"2025-09-16T19:05:59","slug":"ogiak","status":"publish","type":"page","link":"https:\/\/mandelukogia.eauchat.org\/?page_id=36","title":{"rendered":"Ogiak"},"content":{"rendered":"\n<p class=\"has-text-color\" style=\"color:#0e0be2\">Orea ezkuz oratzen da, ogiak ezkuz moldatzen dira. Orearen hartzidura 5- 17 ordu artean da.<\/p>\n\n\n\n<p class=\"has-text-color\" style=\"color:#0e0be2\">Ehundura aldatu dezake temperaturarekin, irinarekin, hygrometeriarekin, urtarorekin,hartzidura luzatzearekin. Nozki altxagarriekin ogiak egiten duten.<\/p>\n\n\n\n<p>La p\u00e2te est p\u00e9trie \u00e0 la main, les pains sont fa\u00e7onn\u00e9s \u00e0 la main. La fermentation de la p\u00e2te est comprise entre 5 et 17h. <\/p>\n\n\n\n<p>Bien s\u00fbre les ferments sont naturels, tous les pains sont ensemenc\u00e9s au levain.<\/p>\n\n\n\n<p>La texture et le go\u00fbt des pains peuvent changer en fonction de la dur\u00e9e de fermentation, de la saison, de l&rsquo;hygrom\u00e9trie, de la farine, de la temp\u00e9rature.<\/p>\n\n\n\n<figure class=\"wp-block-image\"><img loading=\"lazy\" decoding=\"async\" width=\"1024\" height=\"768\" src=\"https:\/\/mandelukogia.eauchat.org\/wp-content\/uploads\/2019\/01\/seiglemais-sup-1024x768.jpg\" alt=\"\" class=\"wp-image-56\" srcset=\"https:\/\/mandelukogia.eauchat.org\/wp-content\/uploads\/2019\/01\/seiglemais-sup-1024x768.jpg 1024w, https:\/\/mandelukogia.eauchat.org\/wp-content\/uploads\/2019\/01\/seiglemais-sup-300x225.jpg 300w, https:\/\/mandelukogia.eauchat.org\/wp-content\/uploads\/2019\/01\/seiglemais-sup-768x576.jpg 768w, https:\/\/mandelukogia.eauchat.org\/wp-content\/uploads\/2019\/01\/seiglemais-sup-1536x1152.jpg 1536w, https:\/\/mandelukogia.eauchat.org\/wp-content\/uploads\/2019\/01\/seiglemais-sup-2048x1536.jpg 2048w, https:\/\/mandelukogia.eauchat.org\/wp-content\/uploads\/2019\/01\/seiglemais-sup-1568x1176.jpg 1568w\" sizes=\"auto, (max-width: 1024px) 100vw, 1024px\" \/><\/figure>\n\n\n\n<p>Pains T80 \/ Erdi integrala<\/p>\n\n\n\n<p>Pains T80 aux graines de tournesol \/ Erdi integrala ekilore haziarekin<\/p>\n\n\n\n<p>Petits \u00e9peautre \/ Espelta<\/p>\n\n\n\n<p>Seigles \/ Zekalea<\/p>\n\n\n\n<p>Bl\u00e9s anciens \/ Aintzineko ogia Xiberoko ogia<\/p>\n\n\n\n<p>Figues raisins noisettes miel \/ Piku ezti mahatza hur<\/p>\n\n\n\n<p>Fougasse aux olives \/ olibarekin<\/p>\n\n\n\n<p>Pains au lait \/ Esne ogia<\/p>\n\n\n\n<p>Pains Burger pavot&#8230; \/ hanburgesa<\/p>\n\n\n\n<p>Paztetxak<\/p>\n\n\n\n<figure class=\"wp-block-image size-large\"><img loading=\"lazy\" decoding=\"async\" width=\"1024\" height=\"768\" src=\"https:\/\/mandelukogia.eauchat.org\/wp-content\/uploads\/2021\/06\/DSC02150-1024x768.jpg\" alt=\"\" class=\"wp-image-331\" srcset=\"https:\/\/mandelukogia.eauchat.org\/wp-content\/uploads\/2021\/06\/DSC02150-1024x768.jpg 1024w, https:\/\/mandelukogia.eauchat.org\/wp-content\/uploads\/2021\/06\/DSC02150-300x225.jpg 300w, https:\/\/mandelukogia.eauchat.org\/wp-content\/uploads\/2021\/06\/DSC02150-768x576.jpg 768w, https:\/\/mandelukogia.eauchat.org\/wp-content\/uploads\/2021\/06\/DSC02150-1536x1152.jpg 1536w, https:\/\/mandelukogia.eauchat.org\/wp-content\/uploads\/2021\/06\/DSC02150-2048x1536.jpg 2048w, https:\/\/mandelukogia.eauchat.org\/wp-content\/uploads\/2021\/06\/DSC02150-750x563.jpg 750w\" sizes=\"auto, (max-width: 1024px) 100vw, 1024px\" \/><\/figure>\n\n\n\n<figure class=\"wp-block-image size-large\"><img loading=\"lazy\" decoding=\"async\" width=\"1024\" height=\"768\" src=\"https:\/\/mandelukogia.eauchat.org\/wp-content\/uploads\/2021\/06\/DSC02151-1024x768.jpg\" alt=\"\" class=\"wp-image-332\" srcset=\"https:\/\/mandelukogia.eauchat.org\/wp-content\/uploads\/2021\/06\/DSC02151-1024x768.jpg 1024w, https:\/\/mandelukogia.eauchat.org\/wp-content\/uploads\/2021\/06\/DSC02151-300x225.jpg 300w, https:\/\/mandelukogia.eauchat.org\/wp-content\/uploads\/2021\/06\/DSC02151-768x576.jpg 768w, https:\/\/mandelukogia.eauchat.org\/wp-content\/uploads\/2021\/06\/DSC02151-1536x1152.jpg 1536w, https:\/\/mandelukogia.eauchat.org\/wp-content\/uploads\/2021\/06\/DSC02151-2048x1536.jpg 2048w, https:\/\/mandelukogia.eauchat.org\/wp-content\/uploads\/2021\/06\/DSC02151-750x563.jpg 750w\" sizes=\"auto, (max-width: 1024px) 100vw, 1024px\" \/><\/figure>\n\n\n\n<figure class=\"wp-block-image size-large\"><img loading=\"lazy\" decoding=\"async\" width=\"1024\" height=\"768\" src=\"https:\/\/mandelukogia.eauchat.org\/wp-content\/uploads\/2021\/06\/DSC02152-1024x768.jpg\" alt=\"\" class=\"wp-image-334\" srcset=\"https:\/\/mandelukogia.eauchat.org\/wp-content\/uploads\/2021\/06\/DSC02152-1024x768.jpg 1024w, https:\/\/mandelukogia.eauchat.org\/wp-content\/uploads\/2021\/06\/DSC02152-300x225.jpg 300w, https:\/\/mandelukogia.eauchat.org\/wp-content\/uploads\/2021\/06\/DSC02152-768x576.jpg 768w, https:\/\/mandelukogia.eauchat.org\/wp-content\/uploads\/2021\/06\/DSC02152-1536x1152.jpg 1536w, https:\/\/mandelukogia.eauchat.org\/wp-content\/uploads\/2021\/06\/DSC02152-2048x1536.jpg 2048w, https:\/\/mandelukogia.eauchat.org\/wp-content\/uploads\/2021\/06\/DSC02152-750x563.jpg 750w\" sizes=\"auto, (max-width: 1024px) 100vw, 1024px\" \/><\/figure>\n\n\n\n<figure class=\"wp-block-image size-large\"><img loading=\"lazy\" decoding=\"async\" width=\"1024\" height=\"768\" src=\"https:\/\/mandelukogia.eauchat.org\/wp-content\/uploads\/2021\/06\/DSC02162-1024x768.jpg\" alt=\"\" class=\"wp-image-335\" srcset=\"https:\/\/mandelukogia.eauchat.org\/wp-content\/uploads\/2021\/06\/DSC02162-1024x768.jpg 1024w, https:\/\/mandelukogia.eauchat.org\/wp-content\/uploads\/2021\/06\/DSC02162-300x225.jpg 300w, https:\/\/mandelukogia.eauchat.org\/wp-content\/uploads\/2021\/06\/DSC02162-768x576.jpg 768w, https:\/\/mandelukogia.eauchat.org\/wp-content\/uploads\/2021\/06\/DSC02162-1536x1152.jpg 1536w, https:\/\/mandelukogia.eauchat.org\/wp-content\/uploads\/2021\/06\/DSC02162-2048x1536.jpg 2048w, https:\/\/mandelukogia.eauchat.org\/wp-content\/uploads\/2021\/06\/DSC02162-750x563.jpg 750w\" sizes=\"auto, (max-width: 1024px) 100vw, 1024px\" \/><\/figure>\n\n\n\n<figure class=\"wp-block-image size-large\"><img loading=\"lazy\" decoding=\"async\" width=\"768\" height=\"1024\" src=\"https:\/\/mandelukogia.eauchat.org\/wp-content\/uploads\/2021\/06\/DSC02153-768x1024.jpg\" alt=\"\" class=\"wp-image-336\" srcset=\"https:\/\/mandelukogia.eauchat.org\/wp-content\/uploads\/2021\/06\/DSC02153-768x1024.jpg 768w, https:\/\/mandelukogia.eauchat.org\/wp-content\/uploads\/2021\/06\/DSC02153-225x300.jpg 225w, https:\/\/mandelukogia.eauchat.org\/wp-content\/uploads\/2021\/06\/DSC02153-1152x1536.jpg 1152w, https:\/\/mandelukogia.eauchat.org\/wp-content\/uploads\/2021\/06\/DSC02153-1536x2048.jpg 1536w, https:\/\/mandelukogia.eauchat.org\/wp-content\/uploads\/2021\/06\/DSC02153-750x1000.jpg 750w, https:\/\/mandelukogia.eauchat.org\/wp-content\/uploads\/2021\/06\/DSC02153-scaled.jpg 1920w\" sizes=\"auto, (max-width: 768px) 100vw, 768px\" \/><\/figure>\n\n\n\n<figure class=\"wp-block-image size-large\"><img loading=\"lazy\" decoding=\"async\" width=\"768\" height=\"1024\" src=\"https:\/\/mandelukogia.eauchat.org\/wp-content\/uploads\/2021\/06\/DSC02157-768x1024.jpg\" alt=\"\" class=\"wp-image-337\" srcset=\"https:\/\/mandelukogia.eauchat.org\/wp-content\/uploads\/2021\/06\/DSC02157-768x1024.jpg 768w, https:\/\/mandelukogia.eauchat.org\/wp-content\/uploads\/2021\/06\/DSC02157-225x300.jpg 225w, https:\/\/mandelukogia.eauchat.org\/wp-content\/uploads\/2021\/06\/DSC02157-1152x1536.jpg 1152w, https:\/\/mandelukogia.eauchat.org\/wp-content\/uploads\/2021\/06\/DSC02157-1536x2048.jpg 1536w, https:\/\/mandelukogia.eauchat.org\/wp-content\/uploads\/2021\/06\/DSC02157-750x1000.jpg 750w, https:\/\/mandelukogia.eauchat.org\/wp-content\/uploads\/2021\/06\/DSC02157-scaled.jpg 1920w\" sizes=\"auto, (max-width: 768px) 100vw, 768px\" \/><\/figure>\n\n\n\n<figure class=\"wp-block-image size-large\"><img loading=\"lazy\" decoding=\"async\" width=\"1024\" height=\"768\" src=\"https:\/\/mandelukogia.eauchat.org\/wp-content\/uploads\/2021\/06\/DSC02154-1024x768.jpg\" alt=\"\" class=\"wp-image-338\" srcset=\"https:\/\/mandelukogia.eauchat.org\/wp-content\/uploads\/2021\/06\/DSC02154-1024x768.jpg 1024w, https:\/\/mandelukogia.eauchat.org\/wp-content\/uploads\/2021\/06\/DSC02154-300x225.jpg 300w, https:\/\/mandelukogia.eauchat.org\/wp-content\/uploads\/2021\/06\/DSC02154-768x576.jpg 768w, https:\/\/mandelukogia.eauchat.org\/wp-content\/uploads\/2021\/06\/DSC02154-1536x1152.jpg 1536w, https:\/\/mandelukogia.eauchat.org\/wp-content\/uploads\/2021\/06\/DSC02154-2048x1536.jpg 2048w, https:\/\/mandelukogia.eauchat.org\/wp-content\/uploads\/2021\/06\/DSC02154-750x563.jpg 750w\" sizes=\"auto, (max-width: 1024px) 100vw, 1024px\" \/><\/figure>\n\n\n\n<figure class=\"wp-block-image size-large\"><img loading=\"lazy\" decoding=\"async\" width=\"768\" height=\"1024\" src=\"https:\/\/mandelukogia.eauchat.org\/wp-content\/uploads\/2021\/06\/DSC02155-768x1024.jpg\" alt=\"\" class=\"wp-image-339\" srcset=\"https:\/\/mandelukogia.eauchat.org\/wp-content\/uploads\/2021\/06\/DSC02155-768x1024.jpg 768w, https:\/\/mandelukogia.eauchat.org\/wp-content\/uploads\/2021\/06\/DSC02155-225x300.jpg 225w, https:\/\/mandelukogia.eauchat.org\/wp-content\/uploads\/2021\/06\/DSC02155-1152x1536.jpg 1152w, https:\/\/mandelukogia.eauchat.org\/wp-content\/uploads\/2021\/06\/DSC02155-1536x2048.jpg 1536w, https:\/\/mandelukogia.eauchat.org\/wp-content\/uploads\/2021\/06\/DSC02155-750x1000.jpg 750w, https:\/\/mandelukogia.eauchat.org\/wp-content\/uploads\/2021\/06\/DSC02155-scaled.jpg 1920w\" sizes=\"auto, (max-width: 768px) 100vw, 768px\" \/><\/figure>\n\n\n\n<figure class=\"wp-block-image size-large\"><img loading=\"lazy\" decoding=\"async\" width=\"768\" height=\"1024\" src=\"https:\/\/mandelukogia.eauchat.org\/wp-content\/uploads\/2021\/06\/DSC02158-768x1024.jpg\" alt=\"\" class=\"wp-image-340\" srcset=\"https:\/\/mandelukogia.eauchat.org\/wp-content\/uploads\/2021\/06\/DSC02158-768x1024.jpg 768w, https:\/\/mandelukogia.eauchat.org\/wp-content\/uploads\/2021\/06\/DSC02158-225x300.jpg 225w, https:\/\/mandelukogia.eauchat.org\/wp-content\/uploads\/2021\/06\/DSC02158-1152x1536.jpg 1152w, https:\/\/mandelukogia.eauchat.org\/wp-content\/uploads\/2021\/06\/DSC02158-1536x2048.jpg 1536w, https:\/\/mandelukogia.eauchat.org\/wp-content\/uploads\/2021\/06\/DSC02158-750x1000.jpg 750w, https:\/\/mandelukogia.eauchat.org\/wp-content\/uploads\/2021\/06\/DSC02158-scaled.jpg 1920w\" sizes=\"auto, (max-width: 768px) 100vw, 768px\" \/><\/figure>\n\n\n\n<figure class=\"wp-block-image size-large\"><img loading=\"lazy\" decoding=\"async\" width=\"1024\" height=\"683\" src=\"https:\/\/mandelukogia.eauchat.org\/wp-content\/uploads\/2021\/06\/MG_0425-1024x683.jpg\" alt=\"\" class=\"wp-image-341\" srcset=\"https:\/\/mandelukogia.eauchat.org\/wp-content\/uploads\/2021\/06\/MG_0425-1024x683.jpg 1024w, https:\/\/mandelukogia.eauchat.org\/wp-content\/uploads\/2021\/06\/MG_0425-300x200.jpg 300w, https:\/\/mandelukogia.eauchat.org\/wp-content\/uploads\/2021\/06\/MG_0425-768x512.jpg 768w, https:\/\/mandelukogia.eauchat.org\/wp-content\/uploads\/2021\/06\/MG_0425-1536x1024.jpg 1536w, https:\/\/mandelukogia.eauchat.org\/wp-content\/uploads\/2021\/06\/MG_0425-2048x1365.jpg 2048w, https:\/\/mandelukogia.eauchat.org\/wp-content\/uploads\/2021\/06\/MG_0425-750x500.jpg 750w\" sizes=\"auto, (max-width: 1024px) 100vw, 1024px\" \/><\/figure>\n\n\n\n<figure class=\"wp-block-image size-large\"><img loading=\"lazy\" decoding=\"async\" width=\"1024\" height=\"768\" src=\"https:\/\/mandelukogia.eauchat.org\/wp-content\/uploads\/2021\/06\/DSC02136-1024x768.jpg\" alt=\"\" class=\"wp-image-342\" srcset=\"https:\/\/mandelukogia.eauchat.org\/wp-content\/uploads\/2021\/06\/DSC02136-1024x768.jpg 1024w, https:\/\/mandelukogia.eauchat.org\/wp-content\/uploads\/2021\/06\/DSC02136-300x225.jpg 300w, https:\/\/mandelukogia.eauchat.org\/wp-content\/uploads\/2021\/06\/DSC02136-768x576.jpg 768w, https:\/\/mandelukogia.eauchat.org\/wp-content\/uploads\/2021\/06\/DSC02136-1536x1152.jpg 1536w, https:\/\/mandelukogia.eauchat.org\/wp-content\/uploads\/2021\/06\/DSC02136-2048x1536.jpg 2048w, https:\/\/mandelukogia.eauchat.org\/wp-content\/uploads\/2021\/06\/DSC02136-750x563.jpg 750w\" sizes=\"auto, (max-width: 1024px) 100vw, 1024px\" \/><\/figure>\n\n\n\n<figure class=\"wp-block-image size-large\"><img loading=\"lazy\" decoding=\"async\" width=\"1024\" height=\"768\" src=\"https:\/\/mandelukogia.eauchat.org\/wp-content\/uploads\/2021\/06\/DSC02140-1024x768.jpg\" alt=\"\" class=\"wp-image-343\" srcset=\"https:\/\/mandelukogia.eauchat.org\/wp-content\/uploads\/2021\/06\/DSC02140-1024x768.jpg 1024w, https:\/\/mandelukogia.eauchat.org\/wp-content\/uploads\/2021\/06\/DSC02140-300x225.jpg 300w, https:\/\/mandelukogia.eauchat.org\/wp-content\/uploads\/2021\/06\/DSC02140-768x576.jpg 768w, https:\/\/mandelukogia.eauchat.org\/wp-content\/uploads\/2021\/06\/DSC02140-1536x1152.jpg 1536w, https:\/\/mandelukogia.eauchat.org\/wp-content\/uploads\/2021\/06\/DSC02140-2048x1536.jpg 2048w, https:\/\/mandelukogia.eauchat.org\/wp-content\/uploads\/2021\/06\/DSC02140-750x563.jpg 750w\" sizes=\"auto, (max-width: 1024px) 100vw, 1024px\" \/><\/figure>\n\n\n\n<figure class=\"wp-block-image size-large\"><img loading=\"lazy\" decoding=\"async\" width=\"1024\" height=\"681\" src=\"https:\/\/mandelukogia.eauchat.org\/wp-content\/uploads\/2021\/06\/55-1024x681.jpg\" alt=\"\" class=\"wp-image-344\" srcset=\"https:\/\/mandelukogia.eauchat.org\/wp-content\/uploads\/2021\/06\/55-1024x681.jpg 1024w, https:\/\/mandelukogia.eauchat.org\/wp-content\/uploads\/2021\/06\/55-300x200.jpg 300w, https:\/\/mandelukogia.eauchat.org\/wp-content\/uploads\/2021\/06\/55-768x511.jpg 768w, https:\/\/mandelukogia.eauchat.org\/wp-content\/uploads\/2021\/06\/55-1536x1022.jpg 1536w, https:\/\/mandelukogia.eauchat.org\/wp-content\/uploads\/2021\/06\/55-2048x1363.jpg 2048w, https:\/\/mandelukogia.eauchat.org\/wp-content\/uploads\/2021\/06\/55-750x499.jpg 750w\" sizes=\"auto, (max-width: 1024px) 100vw, 1024px\" \/><\/figure>\n\n\n\n<figure class=\"wp-block-image size-large\"><img loading=\"lazy\" decoding=\"async\" width=\"1024\" height=\"681\" src=\"https:\/\/mandelukogia.eauchat.org\/wp-content\/uploads\/2021\/06\/52-1024x681.jpg\" alt=\"\" class=\"wp-image-345\" srcset=\"https:\/\/mandelukogia.eauchat.org\/wp-content\/uploads\/2021\/06\/52-1024x681.jpg 1024w, https:\/\/mandelukogia.eauchat.org\/wp-content\/uploads\/2021\/06\/52-300x200.jpg 300w, https:\/\/mandelukogia.eauchat.org\/wp-content\/uploads\/2021\/06\/52-768x511.jpg 768w, https:\/\/mandelukogia.eauchat.org\/wp-content\/uploads\/2021\/06\/52-1536x1022.jpg 1536w, https:\/\/mandelukogia.eauchat.org\/wp-content\/uploads\/2021\/06\/52-2048x1363.jpg 2048w, https:\/\/mandelukogia.eauchat.org\/wp-content\/uploads\/2021\/06\/52-750x499.jpg 750w\" sizes=\"auto, (max-width: 1024px) 100vw, 1024px\" \/><\/figure>\n\n\n","protected":false},"excerpt":{"rendered":"<p>Orea ezkuz oratzen da, ogiak ezkuz moldatzen dira. Orearen hartzidura 5- 17 ordu artean da. Ehundura aldatu dezake temperaturarekin, irinarekin, hygrometeriarekin, urtarorekin,hartzidura luzatzearekin. Nozki altxagarriekin ogiak egiten duten. La p\u00e2te est p\u00e9trie \u00e0 la main, les pains sont fa\u00e7onn\u00e9s \u00e0 la main. La fermentation de la p\u00e2te est comprise entre 5 et 17h. Bien s\u00fbre &hellip; <\/p>\n<p><a class=\"more-link btn\" href=\"https:\/\/mandelukogia.eauchat.org\/?page_id=36\">Lire la suite<\/a><\/p>\n","protected":false},"author":1,"featured_media":0,"parent":0,"menu_order":0,"comment_status":"closed","ping_status":"closed","template":"","meta":{"footnotes":""},"class_list":["post-36","page","type-page","status-publish","hentry","nodate","item-wrap"],"jetpack_sharing_enabled":true,"_links":{"self":[{"href":"https:\/\/mandelukogia.eauchat.org\/index.php?rest_route=\/wp\/v2\/pages\/36","targetHints":{"allow":["GET"]}}],"collection":[{"href":"https:\/\/mandelukogia.eauchat.org\/index.php?rest_route=\/wp\/v2\/pages"}],"about":[{"href":"https:\/\/mandelukogia.eauchat.org\/index.php?rest_route=\/wp\/v2\/types\/page"}],"author":[{"embeddable":true,"href":"https:\/\/mandelukogia.eauchat.org\/index.php?rest_route=\/wp\/v2\/users\/1"}],"replies":[{"embeddable":true,"href":"https:\/\/mandelukogia.eauchat.org\/index.php?rest_route=%2Fwp%2Fv2%2Fcomments&post=36"}],"version-history":[{"count":10,"href":"https:\/\/mandelukogia.eauchat.org\/index.php?rest_route=\/wp\/v2\/pages\/36\/revisions"}],"predecessor-version":[{"id":1208,"href":"https:\/\/mandelukogia.eauchat.org\/index.php?rest_route=\/wp\/v2\/pages\/36\/revisions\/1208"}],"wp:attachment":[{"href":"https:\/\/mandelukogia.eauchat.org\/index.php?rest_route=%2Fwp%2Fv2%2Fmedia&parent=36"}],"curies":[{"name":"wp","href":"https:\/\/api.w.org\/{rel}","templated":true}]}}