{"id":305,"date":"2021-06-16T15:12:57","date_gmt":"2021-06-16T15:12:57","guid":{"rendered":"https:\/\/mandelukogia.eauchat.org\/?page_id=305"},"modified":"2026-01-29T13:40:04","modified_gmt":"2026-01-29T13:40:04","slug":"mes-auxiliaires","status":"publish","type":"page","link":"https:\/\/mandelukogia.eauchat.org\/?page_id=305","title":{"rendered":"Les auxiliaires"},"content":{"rendered":"\n<p style=\"font-size:27px\">Laguntzaileak<\/p>\n\n\n\n<figure class=\"wp-block-image size-large\"><img loading=\"lazy\" decoding=\"async\" width=\"768\" height=\"1024\" src=\"https:\/\/mandelukogia.eauchat.org\/wp-content\/uploads\/2021\/06\/DSC02211-768x1024.jpg\" alt=\"\" class=\"wp-image-312\" srcset=\"https:\/\/mandelukogia.eauchat.org\/wp-content\/uploads\/2021\/06\/DSC02211-768x1024.jpg 768w, https:\/\/mandelukogia.eauchat.org\/wp-content\/uploads\/2021\/06\/DSC02211-225x300.jpg 225w, https:\/\/mandelukogia.eauchat.org\/wp-content\/uploads\/2021\/06\/DSC02211-1152x1536.jpg 1152w, https:\/\/mandelukogia.eauchat.org\/wp-content\/uploads\/2021\/06\/DSC02211-1536x2048.jpg 1536w, https:\/\/mandelukogia.eauchat.org\/wp-content\/uploads\/2021\/06\/DSC02211-750x1000.jpg 750w, https:\/\/mandelukogia.eauchat.org\/wp-content\/uploads\/2021\/06\/DSC02211-scaled.jpg 1920w\" sizes=\"auto, (max-width: 768px) 100vw, 768px\" \/><figcaption class=\"wp-element-caption\">Platanoak itzal egiten du, ura atxikitzen du eta hostekin sua pizten ahal da edo konposta egin, eta noski adarrekin sua pizteko edo hesiak egiteko aukera ematen du. Les platanes permettent de retenir l&rsquo;eau, de faire de l&rsquo;ombre, de produire des feuilles pour le feu ou pour le compost et les branches servent pour les fagots ou les plessages. <\/figcaption><\/figure>\n\n\n\n<figure class=\"wp-block-image size-large\"><img loading=\"lazy\" decoding=\"async\" width=\"1024\" height=\"768\" src=\"https:\/\/mandelukogia.eauchat.org\/wp-content\/uploads\/2021\/06\/DSC02210-1024x768.jpg\" alt=\"\" class=\"wp-image-313\" srcset=\"https:\/\/mandelukogia.eauchat.org\/wp-content\/uploads\/2021\/06\/DSC02210-1024x768.jpg 1024w, https:\/\/mandelukogia.eauchat.org\/wp-content\/uploads\/2021\/06\/DSC02210-300x225.jpg 300w, https:\/\/mandelukogia.eauchat.org\/wp-content\/uploads\/2021\/06\/DSC02210-768x576.jpg 768w, https:\/\/mandelukogia.eauchat.org\/wp-content\/uploads\/2021\/06\/DSC02210-1536x1152.jpg 1536w, https:\/\/mandelukogia.eauchat.org\/wp-content\/uploads\/2021\/06\/DSC02210-2048x1536.jpg 2048w, https:\/\/mandelukogia.eauchat.org\/wp-content\/uploads\/2021\/06\/DSC02210-750x563.jpg 750w\" sizes=\"auto, (max-width: 1024px) 100vw, 1024px\" \/><figcaption class=\"wp-element-caption\">Blettes pour manger\/ Zerba jateko<\/figcaption><\/figure>\n\n\n\n<figure class=\"wp-block-image size-large\"><img loading=\"lazy\" decoding=\"async\" width=\"768\" height=\"1024\" src=\"https:\/\/mandelukogia.eauchat.org\/wp-content\/uploads\/2021\/06\/DSC02209-768x1024.jpg\" alt=\"\" class=\"wp-image-314\" srcset=\"https:\/\/mandelukogia.eauchat.org\/wp-content\/uploads\/2021\/06\/DSC02209-768x1024.jpg 768w, https:\/\/mandelukogia.eauchat.org\/wp-content\/uploads\/2021\/06\/DSC02209-225x300.jpg 225w, https:\/\/mandelukogia.eauchat.org\/wp-content\/uploads\/2021\/06\/DSC02209-1152x1536.jpg 1152w, https:\/\/mandelukogia.eauchat.org\/wp-content\/uploads\/2021\/06\/DSC02209-1536x2048.jpg 1536w, https:\/\/mandelukogia.eauchat.org\/wp-content\/uploads\/2021\/06\/DSC02209-750x1000.jpg 750w, https:\/\/mandelukogia.eauchat.org\/wp-content\/uploads\/2021\/06\/DSC02209-scaled.jpg 1920w\" sizes=\"auto, (max-width: 768px) 100vw, 768px\" \/><figcaption class=\"wp-element-caption\">Artichauts, pour les tisanes et pour manger\/ Atixot, jateko edo nutenarentako<\/figcaption><\/figure>\n\n\n\n<figure class=\"wp-block-image size-large\"><img loading=\"lazy\" decoding=\"async\" width=\"768\" height=\"1024\" src=\"https:\/\/mandelukogia.eauchat.org\/wp-content\/uploads\/2021\/06\/DSC02206-768x1024.jpg\" alt=\"\" class=\"wp-image-315\" srcset=\"https:\/\/mandelukogia.eauchat.org\/wp-content\/uploads\/2021\/06\/DSC02206-768x1024.jpg 768w, https:\/\/mandelukogia.eauchat.org\/wp-content\/uploads\/2021\/06\/DSC02206-225x300.jpg 225w, https:\/\/mandelukogia.eauchat.org\/wp-content\/uploads\/2021\/06\/DSC02206-1152x1536.jpg 1152w, https:\/\/mandelukogia.eauchat.org\/wp-content\/uploads\/2021\/06\/DSC02206-1536x2048.jpg 1536w, https:\/\/mandelukogia.eauchat.org\/wp-content\/uploads\/2021\/06\/DSC02206-750x1000.jpg 750w, https:\/\/mandelukogia.eauchat.org\/wp-content\/uploads\/2021\/06\/DSC02206-scaled.jpg 1920w\" sizes=\"auto, (max-width: 768px) 100vw, 768px\" \/><figcaption class=\"wp-element-caption\">Consoude, pour les purins, pour les baumes (soin des blessures)\/ Zolda-belhar, mindarentako, baltsamrentako<\/figcaption><\/figure>\n\n\n\n<figure class=\"wp-block-image size-large\"><img loading=\"lazy\" decoding=\"async\" width=\"768\" height=\"1024\" src=\"https:\/\/mandelukogia.eauchat.org\/wp-content\/uploads\/2021\/06\/DSC02203-768x1024.jpg\" alt=\"\" class=\"wp-image-316\" srcset=\"https:\/\/mandelukogia.eauchat.org\/wp-content\/uploads\/2021\/06\/DSC02203-768x1024.jpg 768w, https:\/\/mandelukogia.eauchat.org\/wp-content\/uploads\/2021\/06\/DSC02203-225x300.jpg 225w, https:\/\/mandelukogia.eauchat.org\/wp-content\/uploads\/2021\/06\/DSC02203-1152x1536.jpg 1152w, https:\/\/mandelukogia.eauchat.org\/wp-content\/uploads\/2021\/06\/DSC02203-1536x2048.jpg 1536w, https:\/\/mandelukogia.eauchat.org\/wp-content\/uploads\/2021\/06\/DSC02203-750x1000.jpg 750w, https:\/\/mandelukogia.eauchat.org\/wp-content\/uploads\/2021\/06\/DSC02203-scaled.jpg 1920w\" sizes=\"auto, (max-width: 768px) 100vw, 768px\" \/><figcaption class=\"wp-element-caption\">Plantain, pour manger en salade et pour les irritations cutan\u00e9es\/ zain-belhar jateko edo azala zaintzeko<\/figcaption><\/figure>\n\n\n\n<figure class=\"wp-block-image size-large\"><img loading=\"lazy\" decoding=\"async\" width=\"1024\" height=\"768\" src=\"https:\/\/mandelukogia.eauchat.org\/wp-content\/uploads\/2021\/06\/DSC02099-1024x768.jpg\" alt=\"\" class=\"wp-image-324\" srcset=\"https:\/\/mandelukogia.eauchat.org\/wp-content\/uploads\/2021\/06\/DSC02099-1024x768.jpg 1024w, https:\/\/mandelukogia.eauchat.org\/wp-content\/uploads\/2021\/06\/DSC02099-300x225.jpg 300w, https:\/\/mandelukogia.eauchat.org\/wp-content\/uploads\/2021\/06\/DSC02099-768x576.jpg 768w, https:\/\/mandelukogia.eauchat.org\/wp-content\/uploads\/2021\/06\/DSC02099-1536x1152.jpg 1536w, https:\/\/mandelukogia.eauchat.org\/wp-content\/uploads\/2021\/06\/DSC02099-2048x1536.jpg 2048w, https:\/\/mandelukogia.eauchat.org\/wp-content\/uploads\/2021\/06\/DSC02099-750x563.jpg 750w\" sizes=\"auto, (max-width: 1024px) 100vw, 1024px\" \/><\/figure>\n\n\n\n<figure class=\"wp-block-image size-large\"><img loading=\"lazy\" decoding=\"async\" width=\"1024\" height=\"768\" src=\"https:\/\/mandelukogia.eauchat.org\/wp-content\/uploads\/2021\/06\/DSC01888-1024x768.jpg\" alt=\"\" class=\"wp-image-317\" srcset=\"https:\/\/mandelukogia.eauchat.org\/wp-content\/uploads\/2021\/06\/DSC01888-1024x768.jpg 1024w, https:\/\/mandelukogia.eauchat.org\/wp-content\/uploads\/2021\/06\/DSC01888-300x225.jpg 300w, https:\/\/mandelukogia.eauchat.org\/wp-content\/uploads\/2021\/06\/DSC01888-768x576.jpg 768w, https:\/\/mandelukogia.eauchat.org\/wp-content\/uploads\/2021\/06\/DSC01888-1536x1152.jpg 1536w, https:\/\/mandelukogia.eauchat.org\/wp-content\/uploads\/2021\/06\/DSC01888-2048x1536.jpg 2048w, https:\/\/mandelukogia.eauchat.org\/wp-content\/uploads\/2021\/06\/DSC01888-750x563.jpg 750w\" sizes=\"auto, (max-width: 1024px) 100vw, 1024px\" \/><figcaption class=\"wp-element-caption\">Oiloek haragia emaiten digute eta arrautzak erre bai. Lurra karraskatzen dute orduan mokoka  harresiak garbitzen dituzte eta konposta aldatzen dute. Gainera, ongaria sortzen dute zirinarekin, barakuiluak eta bareak ere kentzen dituzte baratzean. Les poules nous donnent de la viande,  et des \u0153ufs. Elles nous aident pour la transformation du compost en grattant, elles apportent de l&rsquo;engrais avec les d\u00e9jections, elles \u00e9liminent les escargots et les limaces, et d\u00e9sherbent les cl\u00f4tures<\/figcaption><\/figure>\n\n\n\n<figure class=\"wp-block-image size-large\"><img loading=\"lazy\" decoding=\"async\" width=\"1024\" height=\"768\" src=\"https:\/\/mandelukogia.eauchat.org\/wp-content\/uploads\/2022\/11\/DSC02365-1024x768.jpg\" alt=\"\" class=\"wp-image-490\" srcset=\"https:\/\/mandelukogia.eauchat.org\/wp-content\/uploads\/2022\/11\/DSC02365-1024x768.jpg 1024w, https:\/\/mandelukogia.eauchat.org\/wp-content\/uploads\/2022\/11\/DSC02365-300x225.jpg 300w, https:\/\/mandelukogia.eauchat.org\/wp-content\/uploads\/2022\/11\/DSC02365-768x576.jpg 768w, https:\/\/mandelukogia.eauchat.org\/wp-content\/uploads\/2022\/11\/DSC02365-1536x1152.jpg 1536w, https:\/\/mandelukogia.eauchat.org\/wp-content\/uploads\/2022\/11\/DSC02365-2048x1536.jpg 2048w, https:\/\/mandelukogia.eauchat.org\/wp-content\/uploads\/2022\/11\/DSC02365-750x563.jpg 750w\" sizes=\"auto, (max-width: 1024px) 100vw, 1024px\" \/><figcaption class=\"wp-element-caption\">Sagarroia etortzen da bareak jateko.  Le h\u00e9risson vient manger les limaces!<\/figcaption><\/figure>\n\n\n\n<figure class=\"wp-block-image size-large\"><img loading=\"lazy\" decoding=\"async\" width=\"768\" height=\"1024\" src=\"https:\/\/mandelukogia.eauchat.org\/wp-content\/uploads\/2021\/06\/DSC02094-768x1024.jpg\" alt=\"\" class=\"wp-image-318\" srcset=\"https:\/\/mandelukogia.eauchat.org\/wp-content\/uploads\/2021\/06\/DSC02094-768x1024.jpg 768w, https:\/\/mandelukogia.eauchat.org\/wp-content\/uploads\/2021\/06\/DSC02094-225x300.jpg 225w, https:\/\/mandelukogia.eauchat.org\/wp-content\/uploads\/2021\/06\/DSC02094-1152x1536.jpg 1152w, https:\/\/mandelukogia.eauchat.org\/wp-content\/uploads\/2021\/06\/DSC02094-1536x2048.jpg 1536w, https:\/\/mandelukogia.eauchat.org\/wp-content\/uploads\/2021\/06\/DSC02094-750x1000.jpg 750w, https:\/\/mandelukogia.eauchat.org\/wp-content\/uploads\/2021\/06\/DSC02094-scaled.jpg 1920w\" sizes=\"auto, (max-width: 768px) 100vw, 768px\" \/><figcaption class=\"wp-element-caption\">Porruak jateko, Poireaux pour manger<\/figcaption><\/figure>\n\n\n\n<figure class=\"wp-block-image size-large\"><img loading=\"lazy\" decoding=\"async\" width=\"1024\" height=\"768\" src=\"https:\/\/mandelukogia.eauchat.org\/wp-content\/uploads\/2021\/06\/DSC02072-1024x768.jpg\" alt=\"\" class=\"wp-image-319\" srcset=\"https:\/\/mandelukogia.eauchat.org\/wp-content\/uploads\/2021\/06\/DSC02072-1024x768.jpg 1024w, https:\/\/mandelukogia.eauchat.org\/wp-content\/uploads\/2021\/06\/DSC02072-300x225.jpg 300w, https:\/\/mandelukogia.eauchat.org\/wp-content\/uploads\/2021\/06\/DSC02072-768x576.jpg 768w, https:\/\/mandelukogia.eauchat.org\/wp-content\/uploads\/2021\/06\/DSC02072-1536x1152.jpg 1536w, https:\/\/mandelukogia.eauchat.org\/wp-content\/uploads\/2021\/06\/DSC02072-2048x1536.jpg 2048w, https:\/\/mandelukogia.eauchat.org\/wp-content\/uploads\/2021\/06\/DSC02072-750x563.jpg 750w\" sizes=\"auto, (max-width: 1024px) 100vw, 1024px\" \/><figcaption class=\"wp-element-caption\">Antzarrek arrautzak emaiten dituzte, abizatzen dute norbait etortzen delarik, konpainia emaiten dute, mokoka belar mozten dute eta barakuilak bareak jaten dituzte.  Oies, pour les \u0153ufs, pour avertir, pour la compagnie, pour couper l&rsquo;herbe, contre les limaces et les escargots<\/figcaption><\/figure>\n\n\n\n<figure class=\"wp-block-image size-large\"><img loading=\"lazy\" decoding=\"async\" width=\"768\" height=\"1024\" src=\"https:\/\/mandelukogia.eauchat.org\/wp-content\/uploads\/2026\/01\/1E359084-7AE7-4094-9AF1-A9ACD0888FF8-768x1024.jpeg\" alt=\"\" class=\"wp-image-1276\" srcset=\"https:\/\/mandelukogia.eauchat.org\/wp-content\/uploads\/2026\/01\/1E359084-7AE7-4094-9AF1-A9ACD0888FF8-768x1024.jpeg 768w, https:\/\/mandelukogia.eauchat.org\/wp-content\/uploads\/2026\/01\/1E359084-7AE7-4094-9AF1-A9ACD0888FF8-225x300.jpeg 225w, https:\/\/mandelukogia.eauchat.org\/wp-content\/uploads\/2026\/01\/1E359084-7AE7-4094-9AF1-A9ACD0888FF8-1152x1536.jpeg 1152w, https:\/\/mandelukogia.eauchat.org\/wp-content\/uploads\/2026\/01\/1E359084-7AE7-4094-9AF1-A9ACD0888FF8-1536x2048.jpeg 1536w, https:\/\/mandelukogia.eauchat.org\/wp-content\/uploads\/2026\/01\/1E359084-7AE7-4094-9AF1-A9ACD0888FF8-750x1000.jpeg 750w, https:\/\/mandelukogia.eauchat.org\/wp-content\/uploads\/2026\/01\/1E359084-7AE7-4094-9AF1-A9ACD0888FF8-scaled.jpeg 1920w\" sizes=\"auto, (max-width: 768px) 100vw, 768px\" \/><\/figure>\n\n\n\n<figure class=\"wp-block-image size-large\"><img loading=\"lazy\" decoding=\"async\" width=\"768\" height=\"1024\" src=\"https:\/\/mandelukogia.eauchat.org\/wp-content\/uploads\/2021\/06\/DSC02200-768x1024.jpg\" alt=\"\" class=\"wp-image-320\" srcset=\"https:\/\/mandelukogia.eauchat.org\/wp-content\/uploads\/2021\/06\/DSC02200-768x1024.jpg 768w, https:\/\/mandelukogia.eauchat.org\/wp-content\/uploads\/2021\/06\/DSC02200-225x300.jpg 225w, https:\/\/mandelukogia.eauchat.org\/wp-content\/uploads\/2021\/06\/DSC02200-1152x1536.jpg 1152w, https:\/\/mandelukogia.eauchat.org\/wp-content\/uploads\/2021\/06\/DSC02200-1536x2048.jpg 1536w, https:\/\/mandelukogia.eauchat.org\/wp-content\/uploads\/2021\/06\/DSC02200-750x1000.jpg 750w, https:\/\/mandelukogia.eauchat.org\/wp-content\/uploads\/2021\/06\/DSC02200-scaled.jpg 1920w\" sizes=\"auto, (max-width: 768px) 100vw, 768px\" \/><figcaption class=\"wp-element-caption\">La reine des pr\u00e9s, pour les tisanes<\/figcaption><\/figure>\n\n\n\n<figure class=\"wp-block-image size-large\"><img loading=\"lazy\" decoding=\"async\" width=\"1024\" height=\"768\" src=\"https:\/\/mandelukogia.eauchat.org\/wp-content\/uploads\/2021\/06\/DSC02193-1024x768.jpg\" alt=\"\" class=\"wp-image-321\" srcset=\"https:\/\/mandelukogia.eauchat.org\/wp-content\/uploads\/2021\/06\/DSC02193-1024x768.jpg 1024w, https:\/\/mandelukogia.eauchat.org\/wp-content\/uploads\/2021\/06\/DSC02193-300x225.jpg 300w, https:\/\/mandelukogia.eauchat.org\/wp-content\/uploads\/2021\/06\/DSC02193-768x576.jpg 768w, https:\/\/mandelukogia.eauchat.org\/wp-content\/uploads\/2021\/06\/DSC02193-1536x1152.jpg 1536w, https:\/\/mandelukogia.eauchat.org\/wp-content\/uploads\/2021\/06\/DSC02193-2048x1536.jpg 2048w, https:\/\/mandelukogia.eauchat.org\/wp-content\/uploads\/2021\/06\/DSC02193-750x563.jpg 750w\" sizes=\"auto, (max-width: 1024px) 100vw, 1024px\" \/><figcaption class=\"wp-element-caption\">Les fleurs de mauve pour les tisanes<\/figcaption><\/figure>\n\n\n\n<figure class=\"wp-block-image size-large\"><img loading=\"lazy\" decoding=\"async\" width=\"768\" height=\"1024\" src=\"https:\/\/mandelukogia.eauchat.org\/wp-content\/uploads\/2021\/06\/DSC02195-768x1024.jpg\" alt=\"\" class=\"wp-image-325\" srcset=\"https:\/\/mandelukogia.eauchat.org\/wp-content\/uploads\/2021\/06\/DSC02195-768x1024.jpg 768w, https:\/\/mandelukogia.eauchat.org\/wp-content\/uploads\/2021\/06\/DSC02195-225x300.jpg 225w, https:\/\/mandelukogia.eauchat.org\/wp-content\/uploads\/2021\/06\/DSC02195-1152x1536.jpg 1152w, https:\/\/mandelukogia.eauchat.org\/wp-content\/uploads\/2021\/06\/DSC02195-1536x2048.jpg 1536w, https:\/\/mandelukogia.eauchat.org\/wp-content\/uploads\/2021\/06\/DSC02195-750x1000.jpg 750w, https:\/\/mandelukogia.eauchat.org\/wp-content\/uploads\/2021\/06\/DSC02195-scaled.jpg 1920w\" sizes=\"auto, (max-width: 768px) 100vw, 768px\" \/><figcaption class=\"wp-element-caption\">Plant de mauve<\/figcaption><\/figure>\n\n\n\n<figure class=\"wp-block-image size-large\"><img loading=\"lazy\" decoding=\"async\" width=\"768\" height=\"1024\" src=\"https:\/\/mandelukogia.eauchat.org\/wp-content\/uploads\/2021\/06\/DSC02196-768x1024.jpg\" alt=\"\" class=\"wp-image-322\" srcset=\"https:\/\/mandelukogia.eauchat.org\/wp-content\/uploads\/2021\/06\/DSC02196-768x1024.jpg 768w, https:\/\/mandelukogia.eauchat.org\/wp-content\/uploads\/2021\/06\/DSC02196-225x300.jpg 225w, https:\/\/mandelukogia.eauchat.org\/wp-content\/uploads\/2021\/06\/DSC02196-1152x1536.jpg 1152w, https:\/\/mandelukogia.eauchat.org\/wp-content\/uploads\/2021\/06\/DSC02196-1536x2048.jpg 1536w, https:\/\/mandelukogia.eauchat.org\/wp-content\/uploads\/2021\/06\/DSC02196-750x1000.jpg 750w, https:\/\/mandelukogia.eauchat.org\/wp-content\/uploads\/2021\/06\/DSC02196-scaled.jpg 1920w\" sizes=\"auto, (max-width: 768px) 100vw, 768px\" \/><figcaption class=\"wp-element-caption\">Zume saskigintzan erabiltzen da, harresietan, sutarako,. Mihimenak uraren filtrazioa egiten du, itzala ere bai, hezetasuna gordetzen du. L&rsquo;osier, est utilis\u00e9 pour la vannerie, pour les plessages de bordures, pour les fagots. Ils  filtrent  l&rsquo;eau, donnent de l&rsquo;ombre,  gardent  l&rsquo;humidit\u00e9<br>Mugurdiondoa infusioa egiteko erabiltzen da, mugurdiek jaten ahal dira. Les framboisiers sont utilis\u00e9s en tisanes et pour manger les baies<\/figcaption><\/figure>\n\n\n\n<figure class=\"wp-block-image size-large\"><img loading=\"lazy\" decoding=\"async\" width=\"768\" height=\"1024\" src=\"https:\/\/mandelukogia.eauchat.org\/wp-content\/uploads\/2021\/06\/DSC02197-768x1024.jpg\" alt=\"\" class=\"wp-image-323\" srcset=\"https:\/\/mandelukogia.eauchat.org\/wp-content\/uploads\/2021\/06\/DSC02197-768x1024.jpg 768w, https:\/\/mandelukogia.eauchat.org\/wp-content\/uploads\/2021\/06\/DSC02197-225x300.jpg 225w, https:\/\/mandelukogia.eauchat.org\/wp-content\/uploads\/2021\/06\/DSC02197-1152x1536.jpg 1152w, https:\/\/mandelukogia.eauchat.org\/wp-content\/uploads\/2021\/06\/DSC02197-1536x2048.jpg 1536w, https:\/\/mandelukogia.eauchat.org\/wp-content\/uploads\/2021\/06\/DSC02197-750x1000.jpg 750w, https:\/\/mandelukogia.eauchat.org\/wp-content\/uploads\/2021\/06\/DSC02197-scaled.jpg 1920w\" sizes=\"auto, (max-width: 768px) 100vw, 768px\" \/><figcaption class=\"wp-element-caption\">Asunekin zopak, infusioak, pestoak, mindak, egiten ditugu eta zomorroen aukerako botika naturala da. Les orties, pour faire les soupes, les purins, les tisanes, les pestos<\/figcaption><\/figure>\n\n\n\n<p>Gatuek arratoiak eraikinetik urruntzen dituzte. Les chats permettent d&rsquo;\u00e9loigner les rats des b\u00e2timents.<\/p>\n","protected":false},"excerpt":{"rendered":"<p>Laguntzaileak Gatuek arratoiak eraikinetik urruntzen dituzte. Les chats permettent d&rsquo;\u00e9loigner les rats des b\u00e2timents.<\/p>\n","protected":false},"author":1,"featured_media":0,"parent":0,"menu_order":0,"comment_status":"closed","ping_status":"closed","template":"","meta":{"footnotes":""},"class_list":["post-305","page","type-page","status-publish","hentry","nodate","item-wrap"],"jetpack_sharing_enabled":true,"_links":{"self":[{"href":"https:\/\/mandelukogia.eauchat.org\/index.php?rest_route=\/wp\/v2\/pages\/305","targetHints":{"allow":["GET"]}}],"collection":[{"href":"https:\/\/mandelukogia.eauchat.org\/index.php?rest_route=\/wp\/v2\/pages"}],"about":[{"href":"https:\/\/mandelukogia.eauchat.org\/index.php?rest_route=\/wp\/v2\/types\/page"}],"author":[{"embeddable":true,"href":"https:\/\/mandelukogia.eauchat.org\/index.php?rest_route=\/wp\/v2\/users\/1"}],"replies":[{"embeddable":true,"href":"https:\/\/mandelukogia.eauchat.org\/index.php?rest_route=%2Fwp%2Fv2%2Fcomments&post=305"}],"version-history":[{"count":27,"href":"https:\/\/mandelukogia.eauchat.org\/index.php?rest_route=\/wp\/v2\/pages\/305\/revisions"}],"predecessor-version":[{"id":1278,"href":"https:\/\/mandelukogia.eauchat.org\/index.php?rest_route=\/wp\/v2\/pages\/305\/revisions\/1278"}],"wp:attachment":[{"href":"https:\/\/mandelukogia.eauchat.org\/index.php?rest_route=%2Fwp%2Fv2%2Fmedia&parent=305"}],"curies":[{"name":"wp","href":"https:\/\/api.w.org\/{rel}","templated":true}]}}